{"id":2,"date":"2022-01-24T10:07:35","date_gmt":"2022-01-24T09:07:35","guid":{"rendered":"http:\/\/coodle.es\/?page_id=2"},"modified":"2022-01-24T11:55:21","modified_gmt":"2022-01-24T10:55:21","slug":"page-d-exemple","status":"publish","type":"page","link":"https:\/\/coodle.es\/?page_id=2","title":{"rendered":"Contacto"},"content":{"rendered":"\n<p><strong>Director del grupo<\/strong> <strong>Coodle<\/strong>: <\/p>\n\n\n\n<p>Dr. D. Eugenio Fern\u00e1ndez Vicente (<a href=\"mailto:eugenio.fernandez@uah.es\" data-type=\"mailto\" data-id=\"mailto:eugenio.fernandez@uah.es\">eugenio.fernandez@uah.es<\/a>)<\/p>\n\n\n\n<p>Despacho N-101. C\u00e1tedra Planificando.<\/p>\n\n\n\n<p>Escuela Polit\u00e9cnica &#8211; Campus Externo.<\/p>\n\n\n\n<p>Universidad de Alcal\u00e1.<\/p>\n\n\n\n<p><\/p>\n","protected":false},"excerpt":{"rendered":"<p>Director del grupo Coodle: Dr. D. Eugenio Fern\u00e1ndez Vicente (eugenio.fernandez@uah.es) Despacho N-101. C\u00e1tedra Planificando. Escuela Polit\u00e9cnica &#8211; Campus Externo. Universidad de Alcal\u00e1.<\/p>\n","protected":false},"author":1,"featured_media":0,"parent":0,"menu_order":0,"comment_status":"closed","ping_status":"open","template":"","meta":{"footnotes":""},"class_list":["post-2","page","type-page","status-publish","hentry"],"_links":{"self":[{"href":"https:\/\/coodle.es\/index.php?rest_route=\/wp\/v2\/pages\/2","targetHints":{"allow":["GET"]}}],"collection":[{"href":"https:\/\/coodle.es\/index.php?rest_route=\/wp\/v2\/pages"}],"about":[{"href":"https:\/\/coodle.es\/index.php?rest_route=\/wp\/v2\/types\/page"}],"author":[{"embeddable":true,"href":"https:\/\/coodle.es\/index.php?rest_route=\/wp\/v2\/users\/1"}],"replies":[{"embeddable":true,"href":"https:\/\/coodle.es\/index.php?rest_route=%2Fwp%2Fv2%2Fcomments&post=2"}],"version-history":[{"count":4,"href":"https:\/\/coodle.es\/index.php?rest_route=\/wp\/v2\/pages\/2\/revisions"}],"predecessor-version":[{"id":14,"href":"https:\/\/coodle.es\/index.php?rest_route=\/wp\/v2\/pages\/2\/revisions\/14"}],"wp:attachment":[{"href":"https:\/\/coodle.es\/index.php?rest_route=%2Fwp%2Fv2%2Fmedia&parent=2"}],"curies":[{"name":"wp","href":"https:\/\/api.w.org\/{rel}","templated":true}]}}